{"id":178,"date":"2024-07-29T17:15:43","date_gmt":"2024-07-29T17:15:43","guid":{"rendered":"https:\/\/unveil.justyna-janetzek.de\/?post_type=product&#038;p=178"},"modified":"2026-02-10T14:57:19","modified_gmt":"2026-02-10T14:57:19","slug":"unveil-katalog","status":"publish","type":"product","link":"https:\/\/unveil.justyna-janetzek.de\/en\/product\/unveil-katalog\/","title":{"rendered":"UNVEIL catalogue, signed"},"content":{"rendered":"<p><strong>UNVEIL catalogue<\/strong><br \/>\nAuthors: Florian Peters-Messer, Julia Stellmann, Till Julian Huss<br \/>\nPublisher: Susanne Schulte, GWK-Gesellschaft zur F\u00f6rderung der Westf\u00e4lischen Kulturarbeit e.V., M\u00fcnster<br \/>\nSoftcover with PVC-cover (screen printing), 128 pages, 22\u00d726 cm, DE\/ENG<br \/>\nISBN 978-3-98741-142-7, Verlag Kettler, July 2024<br \/>\nsigned<\/p>","protected":false},"excerpt":{"rendered":"<p>UNVEIL catalogue, signed<\/p>","protected":false},"featured_media":179,"template":"","meta":[],"product_brand":[],"product_cat":[27],"product_tag":[],"class_list":{"0":"post-178","1":"product","2":"type-product","3":"status-publish","4":"has-post-thumbnail","6":"product_cat-unveil-katalog","8":"first","9":"instock","10":"sold-individually","11":"taxable","12":"shipping-taxable","13":"purchasable","14":"product-type-simple"},"_links":{"self":[{"href":"https:\/\/unveil.justyna-janetzek.de\/en\/wp-json\/wp\/v2\/product\/178","targetHints":{"allow":["GET"]}}],"collection":[{"href":"https:\/\/unveil.justyna-janetzek.de\/en\/wp-json\/wp\/v2\/product"}],"about":[{"href":"https:\/\/unveil.justyna-janetzek.de\/en\/wp-json\/wp\/v2\/types\/product"}],"wp:featuredmedia":[{"embeddable":true,"href":"https:\/\/unveil.justyna-janetzek.de\/en\/wp-json\/wp\/v2\/media\/179"}],"wp:attachment":[{"href":"https:\/\/unveil.justyna-janetzek.de\/en\/wp-json\/wp\/v2\/media?parent=178"}],"wp:term":[{"taxonomy":"product_brand","embeddable":true,"href":"https:\/\/unveil.justyna-janetzek.de\/en\/wp-json\/wp\/v2\/product_brand?post=178"},{"taxonomy":"product_cat","embeddable":true,"href":"https:\/\/unveil.justyna-janetzek.de\/en\/wp-json\/wp\/v2\/product_cat?post=178"},{"taxonomy":"product_tag","embeddable":true,"href":"https:\/\/unveil.justyna-janetzek.de\/en\/wp-json\/wp\/v2\/product_tag?post=178"}],"curies":[{"name":"wp","href":"https:\/\/api.w.org\/{rel}","templated":true}]}}