{"id":174,"date":"2024-07-29T17:03:15","date_gmt":"2024-07-29T17:03:15","guid":{"rendered":"https:\/\/unveil.justyna-janetzek.de\/?post_type=product&#038;p=174"},"modified":"2024-07-30T05:15:11","modified_gmt":"2024-07-30T05:15:11","slug":"unveil-edition-9","status":"publish","type":"product","link":"https:\/\/unveil.justyna-janetzek.de\/en\/product\/unveil-edition-9\/","title":{"rendered":"UNVEIL edition \/ 9"},"content":{"rendered":"<ul>\n<li><strong>UNVEIL catalogue<\/strong><br \/>\nAuthors: Florian Peters-Messer, Julia Stellmann, Till Julian Huss<br \/>\nPublisher: Susanne Schulte, GWK-Gesellschaft zur F\u00f6rderung der Westf\u00e4lischen Kulturarbeit e.V., M\u00fcnster<br \/>\nSoftcover with PVC-cover (screen printing), 128 pages, 22\u00d726 cm, DE\/ENG<br \/>\nISBN 978-3-98741-142-7, Verlag Kettler, July 2024<br \/>\nsigned<\/li>\n<li><strong>Possibility Log 1<\/strong><br \/>\nZeichnung auf Papier, Carbonfolie, Bleistift, Fineliner, Acrylstifte, 17&#215;23 cm, 2024, signiert<\/li>\n<li><strong>UNVEIL edition<\/strong><br \/>\nlino print on Riso print, 14,8\u00d721 cm, 2024, unique, signed<\/li>\n<\/ul>","protected":false},"excerpt":{"rendered":"<p>UNVEIL catalogue + drawing + UNVEIL edition<\/p>","protected":false},"featured_media":117,"template":"","meta":[],"product_brand":[],"product_cat":[19],"product_tag":[],"class_list":{"0":"post-174","1":"product","2":"type-product","3":"status-publish","4":"has-post-thumbnail","6":"product_cat-unveil-edition","8":"first","9":"instock","10":"sold-individually","11":"taxable","12":"shipping-taxable","13":"purchasable","14":"product-type-simple"},"_links":{"self":[{"href":"https:\/\/unveil.justyna-janetzek.de\/en\/wp-json\/wp\/v2\/product\/174","targetHints":{"allow":["GET"]}}],"collection":[{"href":"https:\/\/unveil.justyna-janetzek.de\/en\/wp-json\/wp\/v2\/product"}],"about":[{"href":"https:\/\/unveil.justyna-janetzek.de\/en\/wp-json\/wp\/v2\/types\/product"}],"wp:featuredmedia":[{"embeddable":true,"href":"https:\/\/unveil.justyna-janetzek.de\/en\/wp-json\/wp\/v2\/media\/117"}],"wp:attachment":[{"href":"https:\/\/unveil.justyna-janetzek.de\/en\/wp-json\/wp\/v2\/media?parent=174"}],"wp:term":[{"taxonomy":"product_brand","embeddable":true,"href":"https:\/\/unveil.justyna-janetzek.de\/en\/wp-json\/wp\/v2\/product_brand?post=174"},{"taxonomy":"product_cat","embeddable":true,"href":"https:\/\/unveil.justyna-janetzek.de\/en\/wp-json\/wp\/v2\/product_cat?post=174"},{"taxonomy":"product_tag","embeddable":true,"href":"https:\/\/unveil.justyna-janetzek.de\/en\/wp-json\/wp\/v2\/product_tag?post=174"}],"curies":[{"name":"wp","href":"https:\/\/api.w.org\/{rel}","templated":true}]}}